{"id":1009,"date":"2020-05-02T15:44:10","date_gmt":"2020-05-02T13:44:10","guid":{"rendered":"https:\/\/munchkin.envol-centre-equestre.com\/?page_id=1009"},"modified":"2023-12-01T16:17:00","modified_gmt":"2023-12-01T15:17:00","slug":"le-chat-son-mode-de-vie-ses-besoins","status":"publish","type":"page","link":"https:\/\/munchkin.envol.ovh\/es\/cat-lifestyle-needs\/","title":{"rendered":"Gatos: su estilo de vida y sus necesidades"},"content":{"rendered":"<div data-elementor-type=\"wp-post\" data-elementor-id=\"1009\" class=\"elementor elementor-1009\" data-elementor-post-type=\"page\">\n\t\t\t\t\t\t<section class=\"elementor-section elementor-top-section elementor-element elementor-element-71cfa1c elementor-section-height-min-height elementor-section-content-middle elementor-section-boxed elementor-section-height-default elementor-section-items-middle\" data-id=\"71cfa1c\" data-element_type=\"section\" data-settings=\"{&quot;background_background&quot;:&quot;classic&quot;}\">\n\t\t\t\t\t\t\t<div class=\"elementor-background-overlay\"><\/div>\n\t\t\t\t\t\t\t<div class=\"elementor-container elementor-column-gap-default\">\n\t\t\t\t\t<div class=\"elementor-column elementor-col-100 elementor-top-column elementor-element elementor-element-f1ccad9\" data-id=\"f1ccad9\" data-element_type=\"column\">\n\t\t\t<div class=\"elementor-widget-wrap elementor-element-populated\">\n\t\t\t\t\t\t<div class=\"elementor-element elementor-element-7d48005a elementor-widget elementor-widget-heading\" data-id=\"7d48005a\" data-element_type=\"widget\" data-widget_type=\"heading.default\">\n\t\t\t\t<div class=\"elementor-widget-container\">\n\t\t\t\t\t<h1 class=\"elementor-heading-title elementor-size-default\">Gatos: estilo de vida y necesidades<\/h1>\t\t\t\t<\/div>\n\t\t\t\t<\/div>\n\t\t\t\t\t<\/div>\n\t\t<\/div>\n\t\t\t\t\t<\/div>\n\t\t<\/section>\n\t\t\t\t<section class=\"elementor-section elementor-top-section elementor-element elementor-element-e0ee4c4 elementor-section-boxed elementor-section-height-default elementor-section-height-default\" data-id=\"e0ee4c4\" data-element_type=\"section\" data-settings=\"{&quot;background_background&quot;:&quot;gradient&quot;}\">\n\t\t\t\t\t\t<div class=\"elementor-container elementor-column-gap-default\">\n\t\t\t\t\t<div class=\"elementor-column elementor-col-33 elementor-top-column elementor-element elementor-element-99937e2\" data-id=\"99937e2\" data-element_type=\"column\" data-settings=\"{&quot;background_background&quot;:&quot;classic&quot;}\">\n\t\t\t<div class=\"elementor-widget-wrap elementor-element-populated\">\n\t\t\t\t\t<div class=\"elementor-background-overlay\"><\/div>\n\t\t\t\t\t\t<div class=\"elementor-element elementor-element-b58210e elementor-widget elementor-widget-heading\" data-id=\"b58210e\" data-element_type=\"widget\" data-widget_type=\"heading.default\">\n\t\t\t\t<div class=\"elementor-widget-container\">\n\t\t\t\t\t<h3 class=\"elementor-heading-title elementor-size-default\"><a href=\"#\">La dieta de su gato<\/a><\/h3>\t\t\t\t<\/div>\n\t\t\t\t<\/div>\n\t\t\t\t<div class=\"elementor-element elementor-element-51419ed elementor-mobile-align-left elementor-align-center elementor-widget elementor-widget-button\" data-id=\"51419ed\" data-element_type=\"widget\" data-widget_type=\"button.default\">\n\t\t\t\t<div class=\"elementor-widget-container\">\n\t\t\t\t\t\t\t\t\t<div class=\"elementor-button-wrapper\">\n\t\t\t\t\t<a class=\"elementor-button elementor-button-link elementor-size-md\" href=\"https:\/\/munchkin.envol.ovh\/es\/lalimentation-du-chat\/\">\n\t\t\t\t\t\t<span class=\"elementor-button-content-wrapper\">\n\t\t\t\t\t\t\t\t\t<span class=\"elementor-button-text\">M\u00e1s informaci\u00f3n<\/span>\n\t\t\t\t\t<\/span>\n\t\t\t\t\t<\/a>\n\t\t\t\t<\/div>\n\t\t\t\t\t\t\t\t<\/div>\n\t\t\t\t<\/div>\n\t\t\t\t\t<\/div>\n\t\t<\/div>\n\t\t\t\t<div class=\"elementor-column elementor-col-33 elementor-top-column elementor-element elementor-element-c196fbd\" data-id=\"c196fbd\" data-element_type=\"column\" data-settings=\"{&quot;background_background&quot;:&quot;classic&quot;}\">\n\t\t\t<div class=\"elementor-widget-wrap elementor-element-populated\">\n\t\t\t\t\t<div class=\"elementor-background-overlay\"><\/div>\n\t\t\t\t\t\t<div class=\"elementor-element elementor-element-88d058a elementor-widget elementor-widget-heading\" data-id=\"88d058a\" data-element_type=\"widget\" data-widget_type=\"heading.default\">\n\t\t\t\t<div class=\"elementor-widget-container\">\n\t\t\t\t\t<h3 class=\"elementor-heading-title elementor-size-default\"><a href=\"#\">Comportamiento felino<\/a><\/h3>\t\t\t\t<\/div>\n\t\t\t\t<\/div>\n\t\t\t\t<div class=\"elementor-element elementor-element-452337a elementor-mobile-align-left elementor-align-center elementor-widget elementor-widget-button\" data-id=\"452337a\" data-element_type=\"widget\" data-widget_type=\"button.default\">\n\t\t\t\t<div class=\"elementor-widget-container\">\n\t\t\t\t\t\t\t\t\t<div class=\"elementor-button-wrapper\">\n\t\t\t\t\t<a class=\"elementor-button elementor-button-link elementor-size-md\" href=\"https:\/\/munchkin.envol.ovh\/es\/comportamiento-felino\/\">\n\t\t\t\t\t\t<span class=\"elementor-button-content-wrapper\">\n\t\t\t\t\t\t\t\t\t<span class=\"elementor-button-text\">M\u00e1s informaci\u00f3n<\/span>\n\t\t\t\t\t<\/span>\n\t\t\t\t\t<\/a>\n\t\t\t\t<\/div>\n\t\t\t\t\t\t\t\t<\/div>\n\t\t\t\t<\/div>\n\t\t\t\t\t<\/div>\n\t\t<\/div>\n\t\t\t\t<div class=\"elementor-column elementor-col-33 elementor-top-column elementor-element elementor-element-2e3ffc5\" data-id=\"2e3ffc5\" data-element_type=\"column\" data-settings=\"{&quot;background_background&quot;:&quot;classic&quot;}\">\n\t\t\t<div class=\"elementor-widget-wrap elementor-element-populated\">\n\t\t\t\t\t<div class=\"elementor-background-overlay\"><\/div>\n\t\t\t\t\t\t<div class=\"elementor-element elementor-element-729dc43 elementor-widget elementor-widget-heading\" data-id=\"729dc43\" data-element_type=\"widget\" data-widget_type=\"heading.default\">\n\t\t\t\t<div class=\"elementor-widget-container\">\n\t\t\t\t\t<h3 class=\"elementor-heading-title elementor-size-default\"><a href=\"#\">Cuidados rutinarios y aseo<\/a><\/h3>\t\t\t\t<\/div>\n\t\t\t\t<\/div>\n\t\t\t\t<div class=\"elementor-element elementor-element-9dc3b31 elementor-mobile-align-left elementor-align-center elementor-widget elementor-widget-button\" data-id=\"9dc3b31\" data-element_type=\"widget\" data-widget_type=\"button.default\">\n\t\t\t\t<div class=\"elementor-widget-container\">\n\t\t\t\t\t\t\t\t\t<div class=\"elementor-button-wrapper\">\n\t\t\t\t\t<a class=\"elementor-button elementor-button-link elementor-size-md\" href=\"https:\/\/munchkin.envol.ovh\/es\/running-cuidado-y-aseo\/\">\n\t\t\t\t\t\t<span class=\"elementor-button-content-wrapper\">\n\t\t\t\t\t\t\t\t\t<span class=\"elementor-button-text\">M\u00e1s informaci\u00f3n<\/span>\n\t\t\t\t\t<\/span>\n\t\t\t\t\t<\/a>\n\t\t\t\t<\/div>\n\t\t\t\t\t\t\t\t<\/div>\n\t\t\t\t<\/div>\n\t\t\t\t\t<\/div>\n\t\t<\/div>\n\t\t\t\t\t<\/div>\n\t\t<\/section>\n\t\t\t\t<section class=\"elementor-section elementor-top-section elementor-element elementor-element-886508f elementor-section-boxed elementor-section-height-default elementor-section-height-default\" data-id=\"886508f\" data-element_type=\"section\" data-settings=\"{&quot;background_background&quot;:&quot;gradient&quot;}\">\n\t\t\t\t\t\t<div class=\"elementor-container elementor-column-gap-default\">\n\t\t\t\t\t<div class=\"elementor-column elementor-col-33 elementor-top-column elementor-element elementor-element-48dc2fe\" data-id=\"48dc2fe\" data-element_type=\"column\" data-settings=\"{&quot;background_background&quot;:&quot;classic&quot;}\">\n\t\t\t<div class=\"elementor-widget-wrap elementor-element-populated\">\n\t\t\t\t\t<div class=\"elementor-background-overlay\"><\/div>\n\t\t\t\t\t\t<div class=\"elementor-element elementor-element-59bf815 elementor-widget elementor-widget-heading\" data-id=\"59bf815\" data-element_type=\"widget\" data-widget_type=\"heading.default\">\n\t\t\t\t<div class=\"elementor-widget-container\">\n\t\t\t\t\t<h3 class=\"elementor-heading-title elementor-size-default\"><a href=\"#\">Acoger a su gato o gatito<\/a><\/h3>\t\t\t\t<\/div>\n\t\t\t\t<\/div>\n\t\t\t\t<div class=\"elementor-element elementor-element-0b893e0 elementor-mobile-align-left elementor-align-center elementor-widget elementor-widget-button\" data-id=\"0b893e0\" data-element_type=\"widget\" data-widget_type=\"button.default\">\n\t\t\t\t<div class=\"elementor-widget-container\">\n\t\t\t\t\t\t\t\t\t<div class=\"elementor-button-wrapper\">\n\t\t\t\t\t<a class=\"elementor-button elementor-button-link elementor-size-md\" href=\"https:\/\/munchkin.envol.ovh\/es\/bienvenido-tu-gato-o-tu-gato\/\">\n\t\t\t\t\t\t<span class=\"elementor-button-content-wrapper\">\n\t\t\t\t\t\t\t\t\t<span class=\"elementor-button-text\">M\u00e1s informaci\u00f3n<\/span>\n\t\t\t\t\t<\/span>\n\t\t\t\t\t<\/a>\n\t\t\t\t<\/div>\n\t\t\t\t\t\t\t\t<\/div>\n\t\t\t\t<\/div>\n\t\t\t\t\t<\/div>\n\t\t<\/div>\n\t\t\t\t<div class=\"elementor-column elementor-col-33 elementor-top-column elementor-element elementor-element-0026cd7\" data-id=\"0026cd7\" data-element_type=\"column\" data-settings=\"{&quot;background_background&quot;:&quot;classic&quot;}\">\n\t\t\t<div class=\"elementor-widget-wrap elementor-element-populated\">\n\t\t\t\t\t<div class=\"elementor-background-overlay\"><\/div>\n\t\t\t\t\t\t<div class=\"elementor-element elementor-element-f2a0ef3 elementor-widget elementor-widget-heading\" data-id=\"f2a0ef3\" data-element_type=\"widget\" data-widget_type=\"heading.default\">\n\t\t\t\t<div class=\"elementor-widget-container\">\n\t\t\t\t\t<h3 class=\"elementor-heading-title elementor-size-default\"><a href=\"#\">\u00bfAcceso exterior?<\/a><\/h3>\t\t\t\t<\/div>\n\t\t\t\t<\/div>\n\t\t\t\t<div class=\"elementor-element elementor-element-dc94dce elementor-mobile-align-left elementor-align-center elementor-widget elementor-widget-button\" data-id=\"dc94dce\" data-element_type=\"widget\" data-widget_type=\"button.default\">\n\t\t\t\t<div class=\"elementor-widget-container\">\n\t\t\t\t\t\t\t\t\t<div class=\"elementor-button-wrapper\">\n\t\t\t\t\t<a class=\"elementor-button elementor-button-link elementor-size-md\" href=\"https:\/\/munchkin.envol.ovh\/es\/acces-a-lexterieur\/\">\n\t\t\t\t\t\t<span class=\"elementor-button-content-wrapper\">\n\t\t\t\t\t\t\t\t\t<span class=\"elementor-button-text\">M\u00e1s informaci\u00f3n<\/span>\n\t\t\t\t\t<\/span>\n\t\t\t\t\t<\/a>\n\t\t\t\t<\/div>\n\t\t\t\t\t\t\t\t<\/div>\n\t\t\t\t<\/div>\n\t\t\t\t\t<\/div>\n\t\t<\/div>\n\t\t\t\t<div class=\"elementor-column elementor-col-33 elementor-top-column elementor-element elementor-element-59b9f7e\" data-id=\"59b9f7e\" data-element_type=\"column\" data-settings=\"{&quot;background_background&quot;:&quot;classic&quot;}\">\n\t\t\t<div class=\"elementor-widget-wrap elementor-element-populated\">\n\t\t\t\t\t<div class=\"elementor-background-overlay\"><\/div>\n\t\t\t\t\t\t<div class=\"elementor-element elementor-element-049af72 elementor-widget elementor-widget-heading\" data-id=\"049af72\" data-element_type=\"widget\" data-widget_type=\"heading.default\">\n\t\t\t\t<div class=\"elementor-widget-container\">\n\t\t\t\t\t<h3 class=\"elementor-heading-title elementor-size-default\"><a href=\"#\">Las principales enfermedades de los gatos<\/a><\/h3>\t\t\t\t<\/div>\n\t\t\t\t<\/div>\n\t\t\t\t<div class=\"elementor-element elementor-element-c777eec elementor-mobile-align-left elementor-align-center elementor-widget elementor-widget-button\" data-id=\"c777eec\" data-element_type=\"widget\" data-widget_type=\"button.default\">\n\t\t\t\t<div class=\"elementor-widget-container\">\n\t\t\t\t\t\t\t\t\t<div class=\"elementor-button-wrapper\">\n\t\t\t\t\t<a class=\"elementor-button elementor-button-link elementor-size-md\" href=\"https:\/\/munchkin.envol.ovh\/es\/las-principales-enfermedades-delos-gatos\/\">\n\t\t\t\t\t\t<span class=\"elementor-button-content-wrapper\">\n\t\t\t\t\t\t\t\t\t<span class=\"elementor-button-text\">ver m\u00e1s<\/span>\n\t\t\t\t\t<\/span>\n\t\t\t\t\t<\/a>\n\t\t\t\t<\/div>\n\t\t\t\t\t\t\t\t<\/div>\n\t\t\t\t<\/div>\n\t\t\t\t\t<\/div>\n\t\t<\/div>\n\t\t\t\t\t<\/div>\n\t\t<\/section>\n\t\t\t\t<section class=\"elementor-section elementor-top-section elementor-element elementor-element-41e8433 elementor-section-content-middle elementor-section-boxed elementor-section-height-default elementor-section-height-default\" data-id=\"41e8433\" data-element_type=\"section\" data-settings=\"{&quot;background_background&quot;:&quot;classic&quot;}\">\n\t\t\t\t\t\t\t<div class=\"elementor-background-overlay\"><\/div>\n\t\t\t\t\t\t\t<div class=\"elementor-container elementor-column-gap-no\">\n\t\t\t\t\t<div class=\"elementor-column elementor-col-50 elementor-top-column elementor-element elementor-element-1c27ab7\" data-id=\"1c27ab7\" data-element_type=\"column\">\n\t\t\t<div class=\"elementor-widget-wrap elementor-element-populated\">\n\t\t\t\t\t\t<div class=\"elementor-element elementor-element-5433741 elementor-widget elementor-widget-heading\" data-id=\"5433741\" data-element_type=\"widget\" data-widget_type=\"heading.default\">\n\t\t\t\t<div class=\"elementor-widget-container\">\n\t\t\t\t\t<h3 class=\"elementor-heading-title elementor-size-default\">\u00a1S\u00edganos y sea el primero en enterarse!<\/h3>\t\t\t\t<\/div>\n\t\t\t\t<\/div>\n\t\t\t\t\t<\/div>\n\t\t<\/div>\n\t\t\t\t<div class=\"elementor-column elementor-col-50 elementor-top-column elementor-element elementor-element-35c2aca\" data-id=\"35c2aca\" data-element_type=\"column\">\n\t\t\t<div class=\"elementor-widget-wrap elementor-element-populated\">\n\t\t\t\t\t\t<div class=\"elementor-element elementor-element-a7c5054 elementor-align-center elementor-mobile-align-center elementor-tablet-align-right elementor-widget elementor-widget-button\" data-id=\"a7c5054\" data-element_type=\"widget\" data-widget_type=\"button.default\">\n\t\t\t\t<div class=\"elementor-widget-container\">\n\t\t\t\t\t\t\t\t\t<div class=\"elementor-button-wrapper\">\n\t\t\t\t\t<a class=\"elementor-button elementor-button-link elementor-size-md\" href=\"https:\/\/www.facebook.com\/envolmunchkins\">\n\t\t\t\t\t\t<span class=\"elementor-button-content-wrapper\">\n\t\t\t\t\t\t\t\t\t<span class=\"elementor-button-text\">Nuestra p\u00e1gina de Facebook<\/span>\n\t\t\t\t\t<\/span>\n\t\t\t\t\t<\/a>\n\t\t\t\t<\/div>\n\t\t\t\t\t\t\t\t<\/div>\n\t\t\t\t<\/div>\n\t\t\t\t\t<\/div>\n\t\t<\/div>\n\t\t\t\t\t<\/div>\n\t\t<\/section>\n\t\t\t\t<\/div>","protected":false},"excerpt":{"rendered":"<p>El gato: estilo de vida y necesidades Alimentaci\u00f3n del gato Ver m\u00e1s Comportamiento felino Ver m\u00e1s Cuidados rutinarios y aseo Ver m\u00e1s Bienvenida a su gato o gatito Ver m\u00e1s \u00bfAcceso al exterior? Ver m\u00e1s Las principales enfermedades felinas Ver m\u00e1s \u00a1S\u00edganos y sea el primero en enterarse! Nuestra p\u00e1gina de Facebook<\/p>","protected":false},"author":1,"featured_media":0,"parent":0,"menu_order":0,"comment_status":"closed","ping_status":"closed","template":"","meta":{"site-sidebar-layout":"no-sidebar","site-content-layout":"page-builder","ast-site-content-layout":"","site-content-style":"default","site-sidebar-style":"default","ast-global-header-display":"","ast-banner-title-visibility":"","ast-main-header-display":"","ast-hfb-above-header-display":"","ast-hfb-below-header-display":"","ast-hfb-mobile-header-display":"","site-post-title":"disabled","ast-breadcrumbs-content":"","ast-featured-img":"disabled","footer-sml-layout":"","theme-transparent-header-meta":"enabled","adv-header-id-meta":"","stick-header-meta":"","header-above-stick-meta":"","header-main-stick-meta":"","header-below-stick-meta":"","astra-migrate-meta-layouts":"","ast-page-background-enabled":"default","ast-page-background-meta":{"desktop":{"background-color":"","background-image":"","background-repeat":"repeat","background-position":"center center","background-size":"auto","background-attachment":"scroll","background-type":"","background-media":"","overlay-type":"","overlay-color":"","overlay-gradient":""},"tablet":{"background-color":"","background-image":"","background-repeat":"repeat","background-position":"center center","background-size":"auto","background-attachment":"scroll","background-type":"","background-media":"","overlay-type":"","overlay-color":"","overlay-gradient":""},"mobile":{"background-color":"","background-image":"","background-repeat":"repeat","background-position":"center center","background-size":"auto","background-attachment":"scroll","background-type":"","background-media":"","overlay-type":"","overlay-color":"","overlay-gradient":""}},"ast-content-background-meta":{"desktop":{"background-color":"var(--ast-global-color-5)","background-image":"","background-repeat":"repeat","background-position":"center center","background-size":"auto","background-attachment":"scroll","background-type":"","background-media":"","overlay-type":"","overlay-color":"","overlay-gradient":""},"tablet":{"background-color":"var(--ast-global-color-5)","background-image":"","background-repeat":"repeat","background-position":"center center","background-size":"auto","background-attachment":"scroll","background-type":"","background-media":"","overlay-type":"","overlay-color":"","overlay-gradient":""},"mobile":{"background-color":"var(--ast-global-color-5)","background-image":"","background-repeat":"repeat","background-position":"center center","background-size":"auto","background-attachment":"scroll","background-type":"","background-media":"","overlay-type":"","overlay-color":"","overlay-gradient":""}},"footnotes":""},"class_list":["post-1009","page","type-page","status-publish","hentry"],"yoast_head":"<!-- This site is optimized with the Yoast SEO plugin v23.0 - https:\/\/yoast.com\/wordpress\/plugins\/seo\/ -->\n<title>Le chat : son mode de vie, ses besoins - L&#039;Envol Munchkin<\/title>\n<meta name=\"description\" content=\"Elevage professionnel familial de chats munchkins, en gironde 33 proche bordeaux\" \/>\n<meta name=\"robots\" content=\"index, follow, max-snippet:-1, max-image-preview:large, max-video-preview:-1\" \/>\n<link rel=\"canonical\" href=\"https:\/\/munchkin.envol.ovh\/es\/cat-lifestyle-needs\/\" \/>\n<meta property=\"og:locale\" content=\"es_ES\" \/>\n<meta property=\"og:type\" content=\"article\" \/>\n<meta property=\"og:title\" content=\"Le chat : son mode de vie, ses besoins - L&#039;Envol Munchkin\" \/>\n<meta property=\"og:description\" content=\"Elevage professionnel familial de chats munchkins, en gironde 33 proche bordeaux\" \/>\n<meta property=\"og:url\" content=\"https:\/\/munchkin.envol.ovh\/es\/cat-lifestyle-needs\/\" \/>\n<meta property=\"og:site_name\" content=\"L&#039;Envol Munchkin\" \/>\n<meta property=\"article:publisher\" content=\"https:\/\/www.facebook.com\/envolmunchkins\/\" \/>\n<meta property=\"article:modified_time\" content=\"2023-12-01T15:17:00+00:00\" \/>\n<meta name=\"twitter:card\" content=\"summary_large_image\" \/>\n<meta name=\"twitter:label1\" content=\"Tiempo de lectura\" \/>\n\t<meta name=\"twitter:data1\" content=\"1 minuto\" \/>\n<script type=\"application\/ld+json\" class=\"yoast-schema-graph\">{\"@context\":\"https:\/\/schema.org\",\"@graph\":[{\"@type\":\"WebPage\",\"@id\":\"https:\/\/munchkin.envol.ovh\/le-chat-son-mode-de-vie-ses-besoins\/\",\"url\":\"https:\/\/munchkin.envol.ovh\/le-chat-son-mode-de-vie-ses-besoins\/\",\"name\":\"Le chat : son mode de vie, ses besoins - L&#039;Envol Munchkin\",\"isPartOf\":{\"@id\":\"https:\/\/munchkin.envol.ovh\/#website\"},\"datePublished\":\"2020-05-02T13:44:10+00:00\",\"dateModified\":\"2023-12-01T15:17:00+00:00\",\"description\":\"Elevage professionnel familial de chats munchkins, en gironde 33 proche bordeaux\",\"breadcrumb\":{\"@id\":\"https:\/\/munchkin.envol.ovh\/le-chat-son-mode-de-vie-ses-besoins\/#breadcrumb\"},\"inLanguage\":\"es\",\"potentialAction\":[{\"@type\":\"ReadAction\",\"target\":[\"https:\/\/munchkin.envol.ovh\/le-chat-son-mode-de-vie-ses-besoins\/\"]}]},{\"@type\":\"BreadcrumbList\",\"@id\":\"https:\/\/munchkin.envol.ovh\/le-chat-son-mode-de-vie-ses-besoins\/#breadcrumb\",\"itemListElement\":[{\"@type\":\"ListItem\",\"position\":1,\"name\":\"Accueil\",\"item\":\"https:\/\/munchkin.envol.ovh\/\"},{\"@type\":\"ListItem\",\"position\":2,\"name\":\"Le chat : son mode de vie, ses besoins\"}]},{\"@type\":\"WebSite\",\"@id\":\"https:\/\/munchkin.envol.ovh\/#website\",\"url\":\"https:\/\/munchkin.envol.ovh\/\",\"name\":\"L&#039;Envol Munchkin\",\"description\":\"\",\"publisher\":{\"@id\":\"https:\/\/munchkin.envol.ovh\/#organization\"},\"potentialAction\":[{\"@type\":\"SearchAction\",\"target\":{\"@type\":\"EntryPoint\",\"urlTemplate\":\"https:\/\/munchkin.envol.ovh\/?s={search_term_string}\"},\"query-input\":\"required name=search_term_string\"}],\"inLanguage\":\"es\"},{\"@type\":\"Organization\",\"@id\":\"https:\/\/munchkin.envol.ovh\/#organization\",\"name\":\"Envol\",\"url\":\"https:\/\/munchkin.envol.ovh\/\",\"logo\":{\"@type\":\"ImageObject\",\"inLanguage\":\"es\",\"@id\":\"https:\/\/munchkin.envol.ovh\/#\/schema\/logo\/image\/\",\"url\":\"https:\/\/munchkin.envol.ovh\/wp-content\/uploads\/2023\/12\/logo-chatterie-web-white.webp\",\"contentUrl\":\"https:\/\/munchkin.envol.ovh\/wp-content\/uploads\/2023\/12\/logo-chatterie-web-white.webp\",\"width\":200,\"height\":191,\"caption\":\"Envol\"},\"image\":{\"@id\":\"https:\/\/munchkin.envol.ovh\/#\/schema\/logo\/image\/\"},\"sameAs\":[\"https:\/\/www.facebook.com\/envolmunchkins\/\"]}]}<\/script>\n<!-- \/ Yoast SEO plugin. -->","yoast_head_json":{"title":"Le chat : son mode de vie, ses besoins - L&#039;Envol Munchkin","description":"Elevage professionnel familial de chats munchkins, en gironde 33 proche bordeaux","robots":{"index":"index","follow":"follow","max-snippet":"max-snippet:-1","max-image-preview":"max-image-preview:large","max-video-preview":"max-video-preview:-1"},"canonical":"https:\/\/munchkin.envol.ovh\/es\/cat-lifestyle-needs\/","og_locale":"es_ES","og_type":"article","og_title":"Le chat : son mode de vie, ses besoins - L&#039;Envol Munchkin","og_description":"Elevage professionnel familial de chats munchkins, en gironde 33 proche bordeaux","og_url":"https:\/\/munchkin.envol.ovh\/es\/cat-lifestyle-needs\/","og_site_name":"L&#039;Envol Munchkin","article_publisher":"https:\/\/www.facebook.com\/envolmunchkins\/","article_modified_time":"2023-12-01T15:17:00+00:00","twitter_card":"summary_large_image","twitter_misc":{"Tiempo de lectura":"1 minuto"},"schema":{"@context":"https:\/\/schema.org","@graph":[{"@type":"WebPage","@id":"https:\/\/munchkin.envol.ovh\/le-chat-son-mode-de-vie-ses-besoins\/","url":"https:\/\/munchkin.envol.ovh\/le-chat-son-mode-de-vie-ses-besoins\/","name":"Le chat : son mode de vie, ses besoins - L&#039;Envol Munchkin","isPartOf":{"@id":"https:\/\/munchkin.envol.ovh\/#website"},"datePublished":"2020-05-02T13:44:10+00:00","dateModified":"2023-12-01T15:17:00+00:00","description":"Elevage professionnel familial de chats munchkins, en gironde 33 proche bordeaux","breadcrumb":{"@id":"https:\/\/munchkin.envol.ovh\/le-chat-son-mode-de-vie-ses-besoins\/#breadcrumb"},"inLanguage":"es","potentialAction":[{"@type":"ReadAction","target":["https:\/\/munchkin.envol.ovh\/le-chat-son-mode-de-vie-ses-besoins\/"]}]},{"@type":"BreadcrumbList","@id":"https:\/\/munchkin.envol.ovh\/le-chat-son-mode-de-vie-ses-besoins\/#breadcrumb","itemListElement":[{"@type":"ListItem","position":1,"name":"Accueil","item":"https:\/\/munchkin.envol.ovh\/"},{"@type":"ListItem","position":2,"name":"Le chat : son mode de vie, ses besoins"}]},{"@type":"WebSite","@id":"https:\/\/munchkin.envol.ovh\/#website","url":"https:\/\/munchkin.envol.ovh\/","name":"L&#039;Envol Munchkin","description":"","publisher":{"@id":"https:\/\/munchkin.envol.ovh\/#organization"},"potentialAction":[{"@type":"SearchAction","target":{"@type":"EntryPoint","urlTemplate":"https:\/\/munchkin.envol.ovh\/?s={search_term_string}"},"query-input":"required name=search_term_string"}],"inLanguage":"es"},{"@type":"Organization","@id":"https:\/\/munchkin.envol.ovh\/#organization","name":"Envol","url":"https:\/\/munchkin.envol.ovh\/","logo":{"@type":"ImageObject","inLanguage":"es","@id":"https:\/\/munchkin.envol.ovh\/#\/schema\/logo\/image\/","url":"https:\/\/munchkin.envol.ovh\/wp-content\/uploads\/2023\/12\/logo-chatterie-web-white.webp","contentUrl":"https:\/\/munchkin.envol.ovh\/wp-content\/uploads\/2023\/12\/logo-chatterie-web-white.webp","width":200,"height":191,"caption":"Envol"},"image":{"@id":"https:\/\/munchkin.envol.ovh\/#\/schema\/logo\/image\/"},"sameAs":["https:\/\/www.facebook.com\/envolmunchkins\/"]}]}},"_links":{"self":[{"href":"https:\/\/munchkin.envol.ovh\/es\/wp-json\/wp\/v2\/pages\/1009","targetHints":{"allow":["GET"]}}],"collection":[{"href":"https:\/\/munchkin.envol.ovh\/es\/wp-json\/wp\/v2\/pages"}],"about":[{"href":"https:\/\/munchkin.envol.ovh\/es\/wp-json\/wp\/v2\/types\/page"}],"author":[{"embeddable":true,"href":"https:\/\/munchkin.envol.ovh\/es\/wp-json\/wp\/v2\/users\/1"}],"replies":[{"embeddable":true,"href":"https:\/\/munchkin.envol.ovh\/es\/wp-json\/wp\/v2\/comments?post=1009"}],"version-history":[{"count":4,"href":"https:\/\/munchkin.envol.ovh\/es\/wp-json\/wp\/v2\/pages\/1009\/revisions"}],"predecessor-version":[{"id":2682,"href":"https:\/\/munchkin.envol.ovh\/es\/wp-json\/wp\/v2\/pages\/1009\/revisions\/2682"}],"wp:attachment":[{"href":"https:\/\/munchkin.envol.ovh\/es\/wp-json\/wp\/v2\/media?parent=1009"}],"curies":[{"name":"wp","href":"https:\/\/api.w.org\/{rel}","templated":true}]}}